{"id":228,"date":"2019-06-12T07:44:45","date_gmt":"2019-06-12T07:44:45","guid":{"rendered":"https:\/\/themes.getmotopress.com\/luviana\/?page_id=228"},"modified":"2024-04-16T04:33:07","modified_gmt":"2024-04-16T07:33:07","slug":"nosotros","status":"publish","type":"page","link":"https:\/\/cabtauro.com\/en\/nosotros\/","title":{"rendered":"Nosotros"},"content":{"rendered":"<div class=\"wp-block-getwid-section alignfull alignfull getwid-margin-top-none getwid-margin-bottom-none\"><div class=\"wp-block-getwid-section__wrapper getwid-padding-top-none getwid-padding-bottom-none getwid-padding-left-medium getwid-padding-right-medium getwid-padding-mobile-left-small getwid-padding-mobile-right-small\"><div class=\"wp-block-getwid-section__inner-wrapper\"><div class=\"wp-block-getwid-section__background-holder\"><div class=\"wp-block-getwid-section__background\"><\/div><div class=\"wp-block-getwid-section__foreground\"><\/div><\/div><div class=\"wp-block-getwid-section__content\"><div class=\"wp-block-getwid-section__inner-content\">\n<div class=\"wp-block-columns has-2-columns is-layout-flex wp-container-core-columns-is-layout-9d6595d7 wp-block-columns-is-layout-flex\">\n<div class=\"wp-block-column is-layout-flow wp-block-column-is-layout-flow\">\n<div class=\"wp-block-getwid-advanced-heading is-style-style-1 has-custom-font-size\" style=\"font-size:12px;margin-bottom:0px\"><p class=\"wp-block-getwid-advanced-heading__content\" style=\"letter-spacing:0.1em\">ACERCA DE<\/p><\/div>\n\n\n\n<div class=\"wp-block-getwid-advanced-heading is-style-default\" style=\"margin-top:10px\"><h2 class=\"wp-block-getwid-advanced-heading__content\">Nosotros<\/h2><\/div>\n<\/div>\n\n\n\n<div class=\"wp-block-column is-layout-flow wp-block-column-is-layout-flow\">\n<p>En un magn\u00edfico bosque rodeado de pinos y acacias, nuestras unidades escuchan el sonido de especies aut\u00f3ctonas y ex\u00f3ticas que han logrado desarrollarse gracias a nuestros cuidados.<\/p>\n\n\n\n<p>Una hermosa fauna compuesta de colibr\u00edes, zorsales, b\u00fahos blancos y lechuzas transforman los sonidos del bosque en inolvidables.<br>\u00c9ste es el entorno natural donde difrutar\u00e1s tu estad\u00eda.<\/p>\n<\/div>\n<\/div>\n<\/div><\/div><\/div><\/div><\/div>\n\n\n\n<div class=\"wp-block-getwid-section alignfull alignfull getwid-margin-top-none getwid-margin-bottom-none\"><div class=\"wp-block-getwid-section__wrapper getwid-padding-top-normal getwid-padding-bottom-normal getwid-padding-left-medium getwid-padding-right-medium getwid-padding-mobile-left-small getwid-padding-mobile-right-small\"><div class=\"wp-block-getwid-section__inner-wrapper\"><div class=\"wp-block-getwid-section__background-holder\"><div class=\"wp-block-getwid-section__background\"><\/div><div class=\"wp-block-getwid-section__foreground\"><\/div><\/div><div class=\"wp-block-getwid-section__content\"><div class=\"wp-block-getwid-section__inner-content\">\n<div class=\"wp-block-columns has-2-columns is-layout-flex wp-container-core-columns-is-layout-9d6595d7 wp-block-columns-is-layout-flex\">\n<div class=\"wp-block-column is-layout-flow wp-block-column-is-layout-flow\">\n<figure class=\"wp-block-image size-large\"><a href=\"https:\/\/cabtauro.com\/wp-content\/uploads\/2022\/08\/Great-Grey-Owl-looks-back-over-right-shoulder-in-pine-tree-Ottawa-Ontario-Canada-Frame-To-Frame-Bob-Jean-picture.jpg\"><img decoding=\"async\" src=\"https:\/\/cabtauro.com\/wp-content\/uploads\/2022\/08\/Great-Grey-Owl-looks-back-over-right-shoulder-in-pine-tree-Ottawa-Ontario-Canada-Frame-To-Frame-Bob-Jean-picture-1024x577.jpg\" alt=\"\"\/><\/a><\/figure>\n<\/div>\n\n\n\n<div class=\"wp-block-column is-layout-flow wp-block-column-is-layout-flow\">\n<figure class=\"wp-block-image size-large\"><a href=\"http:\/\/c1651514.ferozo.com\/wp-content\/uploads\/2022\/08\/entorno-natural.jpg\"><img decoding=\"async\" src=\"https:\/\/cabtauro.com\/wp-content\/uploads\/2022\/08\/entorno-natural-1024x682.jpg\" alt=\"\"\/><\/a><\/figure>\n<\/div>\n<\/div>\n<\/div><\/div><\/div><\/div><\/div>\n\n\n\n<div class=\"wp-block-getwid-section alignfull alignfull getwid-margin-top-none getwid-margin-bottom-none\"><div class=\"wp-block-getwid-section__wrapper getwid-padding-top-none getwid-padding-bottom-none getwid-padding-left-medium getwid-padding-right-medium getwid-padding-mobile-left-small getwid-padding-mobile-right-small\"><div class=\"wp-block-getwid-section__inner-wrapper\"><div class=\"wp-block-getwid-section__background-holder\"><div class=\"wp-block-getwid-section__background\"><\/div><div class=\"wp-block-getwid-section__foreground\"><\/div><\/div><div class=\"wp-block-getwid-section__content\"><div class=\"wp-block-getwid-section__inner-content\">\n<div class=\"wp-block-columns has-2-columns is-layout-flex wp-container-core-columns-is-layout-9d6595d7 wp-block-columns-is-layout-flex\">\n<div class=\"wp-block-column is-layout-flow wp-block-column-is-layout-flow\">\n<div class=\"wp-block-getwid-advanced-heading is-style-style-1 has-custom-font-size\" style=\"font-size:12px;margin-bottom:0px\"><p class=\"wp-block-getwid-advanced-heading__content\" style=\"letter-spacing:0.1em\">NUESTROS PILARES<\/p><\/div>\n\n\n\n<div class=\"wp-block-getwid-advanced-heading is-style-default\" style=\"margin-top:10px\"><h2 class=\"wp-block-getwid-advanced-heading__content\">Filosof\u00eda<\/h2><\/div>\n<\/div>\n\n\n\n<div class=\"wp-block-column is-layout-flow wp-block-column-is-layout-flow\">\n<p>Nuestra finalidad es brindar un servicio que permita distenderse y descansar, disfrutando del entorno y la naturaleza.<\/p>\n\n\n\n<p>Atentos a las necesidades de nuestros clientes, proveemos las unidades con el equipamiento necesario para desenvolverse con comodidad durante la estad\u00eda.<\/p>\n\n\n\n<p>Buscamos que tu experiencia en nuestras caba\u00f1as sea de total bienestar, respetando tu privacidad.<\/p>\n<\/div>\n<\/div>\n<\/div><\/div><\/div><\/div><\/div>\n\n\n\n<div class=\"wp-block-getwid-section alignfull alignfull getwid-margin-top-none getwid-margin-bottom-none\"><div class=\"wp-block-getwid-section__wrapper getwid-padding-top-normal getwid-padding-bottom-normal getwid-padding-left-medium getwid-padding-right-medium getwid-padding-mobile-left-small getwid-padding-mobile-right-small\"><div class=\"wp-block-getwid-section__inner-wrapper\"><div class=\"wp-block-getwid-section__background-holder\"><div class=\"wp-block-getwid-section__background\"><\/div><div class=\"wp-block-getwid-section__foreground\"><\/div><\/div><div class=\"wp-block-getwid-section__content\"><div class=\"wp-block-getwid-section__inner-content\">\n<div class=\"wp-block-columns has-2-columns is-layout-flex wp-container-core-columns-is-layout-9d6595d7 wp-block-columns-is-layout-flex\">\n<div class=\"wp-block-column is-layout-flow wp-block-column-is-layout-flow\">\n<div class=\"wp-block-getwid-images-stack is-layout-zeta\"><div class=\"wp-block-getwid-images-stack__wrapper\"><div class=\"wp-block-getwid-images-stack__chunk\"><div class=\"wp-block-getwid-images-stack__media-wrapper\"><div class=\"wp-block-getwid-images-stack__media-inner-wrapper\"><img loading=\"lazy\" decoding=\"async\" width=\"2560\" height=\"1707\" class=\"wp-block-getwid-images-stack__media wp-image-1129\" src=\"https:\/\/cabtauro.com\/wp-content\/uploads\/2022\/08\/Tauro-2-Habitacion-Loft_-scaled.jpg\" data-id=\"1129\" data-link=\"https:\/\/cabtauro.com\/nosotros\/tauro-2-habitacion-loft_\/\" srcset=\"https:\/\/cabtauro.com\/wp-content\/uploads\/2022\/08\/Tauro-2-Habitacion-Loft_-scaled.jpg 2560w, https:\/\/cabtauro.com\/wp-content\/uploads\/2022\/08\/Tauro-2-Habitacion-Loft_-300x200.jpg 300w, https:\/\/cabtauro.com\/wp-content\/uploads\/2022\/08\/Tauro-2-Habitacion-Loft_-1024x683.jpg 1024w, https:\/\/cabtauro.com\/wp-content\/uploads\/2022\/08\/Tauro-2-Habitacion-Loft_-768x512.jpg 768w, https:\/\/cabtauro.com\/wp-content\/uploads\/2022\/08\/Tauro-2-Habitacion-Loft_-1536x1024.jpg 1536w, https:\/\/cabtauro.com\/wp-content\/uploads\/2022\/08\/Tauro-2-Habitacion-Loft_-2048x1365.jpg 2048w, https:\/\/cabtauro.com\/wp-content\/uploads\/2022\/08\/Tauro-2-Habitacion-Loft_-18x12.jpg 18w, https:\/\/cabtauro.com\/wp-content\/uploads\/2022\/08\/Tauro-2-Habitacion-Loft_-1170x780.jpg 1170w\" sizes=\"auto, (max-width: 2560px) 100vw, 2560px\" \/><\/div><\/div><div class=\"wp-block-getwid-images-stack__media-wrapper\"><div class=\"wp-block-getwid-images-stack__media-inner-wrapper\"><img loading=\"lazy\" decoding=\"async\" width=\"2560\" height=\"1707\" class=\"wp-block-getwid-images-stack__media wp-image-1130\" src=\"https:\/\/cabtauro.com\/wp-content\/uploads\/2022\/08\/Tauro-2-estar-2-scaled.jpg\" data-id=\"1130\" data-link=\"https:\/\/cabtauro.com\/nosotros\/tauro-2-estar-2\/\" srcset=\"https:\/\/cabtauro.com\/wp-content\/uploads\/2022\/08\/Tauro-2-estar-2-scaled.jpg 2560w, https:\/\/cabtauro.com\/wp-content\/uploads\/2022\/08\/Tauro-2-estar-2-300x200.jpg 300w, https:\/\/cabtauro.com\/wp-content\/uploads\/2022\/08\/Tauro-2-estar-2-1024x683.jpg 1024w, https:\/\/cabtauro.com\/wp-content\/uploads\/2022\/08\/Tauro-2-estar-2-768x512.jpg 768w, https:\/\/cabtauro.com\/wp-content\/uploads\/2022\/08\/Tauro-2-estar-2-1536x1024.jpg 1536w, https:\/\/cabtauro.com\/wp-content\/uploads\/2022\/08\/Tauro-2-estar-2-2048x1365.jpg 2048w, https:\/\/cabtauro.com\/wp-content\/uploads\/2022\/08\/Tauro-2-estar-2-18x12.jpg 18w, https:\/\/cabtauro.com\/wp-content\/uploads\/2022\/08\/Tauro-2-estar-2-1170x780.jpg 1170w\" sizes=\"auto, (max-width: 2560px) 100vw, 2560px\" \/><\/div><\/div><div class=\"wp-block-getwid-images-stack__media-wrapper\"><div class=\"wp-block-getwid-images-stack__media-inner-wrapper\"><img loading=\"lazy\" decoding=\"async\" width=\"2560\" height=\"1707\" class=\"wp-block-getwid-images-stack__media wp-image-1108\" src=\"https:\/\/cabtauro.com\/wp-content\/uploads\/2022\/08\/limpieza-1-scaled.jpg\" data-id=\"1108\" data-link=\"https:\/\/cabtauro.com\/servicios\/limpieza-1\/\" srcset=\"https:\/\/cabtauro.com\/wp-content\/uploads\/2022\/08\/limpieza-1-scaled.jpg 2560w, https:\/\/cabtauro.com\/wp-content\/uploads\/2022\/08\/limpieza-1-300x200.jpg 300w, https:\/\/cabtauro.com\/wp-content\/uploads\/2022\/08\/limpieza-1-1024x683.jpg 1024w, https:\/\/cabtauro.com\/wp-content\/uploads\/2022\/08\/limpieza-1-768x512.jpg 768w, https:\/\/cabtauro.com\/wp-content\/uploads\/2022\/08\/limpieza-1-1536x1024.jpg 1536w, https:\/\/cabtauro.com\/wp-content\/uploads\/2022\/08\/limpieza-1-2048x1365.jpg 2048w, https:\/\/cabtauro.com\/wp-content\/uploads\/2022\/08\/limpieza-1-18x12.jpg 18w, https:\/\/cabtauro.com\/wp-content\/uploads\/2022\/08\/limpieza-1-1170x780.jpg 1170w\" sizes=\"auto, (max-width: 2560px) 100vw, 2560px\" \/><\/div><\/div><\/div><div class=\"wp-block-getwid-images-stack__chunk\"><div class=\"wp-block-getwid-images-stack__media-wrapper\"><div class=\"wp-block-getwid-images-stack__media-inner-wrapper\"><img loading=\"lazy\" decoding=\"async\" width=\"601\" height=\"401\" class=\"wp-block-getwid-images-stack__media wp-image-1632\" src=\"https:\/\/cabtauro.com\/wp-content\/uploads\/2019\/06\/Tauro3_0038.jpg\" data-id=\"1632\" data-link=\"https:\/\/cabtauro.com\/accommodation\/tauro-iii\/tauro3_0038\/\" srcset=\"https:\/\/cabtauro.com\/wp-content\/uploads\/2019\/06\/Tauro3_0038.jpg 601w, https:\/\/cabtauro.com\/wp-content\/uploads\/2019\/06\/Tauro3_0038-300x200.jpg 300w, https:\/\/cabtauro.com\/wp-content\/uploads\/2019\/06\/Tauro3_0038-18x12.jpg 18w\" sizes=\"auto, (max-width: 601px) 100vw, 601px\" \/><\/div><\/div><\/div><\/div><\/div>\n<\/div>\n\n\n\n<div class=\"wp-block-column is-layout-flow wp-block-column-is-layout-flow\">\n<div class=\"wp-block-getwid-images-stack\"><div class=\"wp-block-getwid-images-stack__wrapper\"><div class=\"wp-block-getwid-images-stack__chunk\"><div class=\"wp-block-getwid-images-stack__media-wrapper\"><div class=\"wp-block-getwid-images-stack__media-inner-wrapper\"><img loading=\"lazy\" decoding=\"async\" width=\"1151\" height=\"764\" class=\"wp-block-getwid-images-stack__media wp-image-1114\" src=\"https:\/\/cabtauro.com\/wp-content\/uploads\/2022\/08\/3.jpg\" data-id=\"1114\" data-link=\"https:\/\/cabtauro.com\/galeria\/attachment\/3\/\" srcset=\"https:\/\/cabtauro.com\/wp-content\/uploads\/2022\/08\/3.jpg 1151w, https:\/\/cabtauro.com\/wp-content\/uploads\/2022\/08\/3-300x199.jpg 300w, https:\/\/cabtauro.com\/wp-content\/uploads\/2022\/08\/3-1024x680.jpg 1024w, https:\/\/cabtauro.com\/wp-content\/uploads\/2022\/08\/3-768x510.jpg 768w, https:\/\/cabtauro.com\/wp-content\/uploads\/2022\/08\/3-18x12.jpg 18w\" sizes=\"auto, (max-width: 1151px) 100vw, 1151px\" \/><\/div><\/div><div class=\"wp-block-getwid-images-stack__media-wrapper\"><div class=\"wp-block-getwid-images-stack__media-inner-wrapper\"><img loading=\"lazy\" decoding=\"async\" width=\"2560\" height=\"1707\" class=\"wp-block-getwid-images-stack__media wp-image-1101\" src=\"https:\/\/cabtauro.com\/wp-content\/uploads\/2022\/08\/baguette-bakery-bread-2436-scaled.jpg\" data-id=\"1101\" data-link=\"https:\/\/cabtauro.com\/home\/panes\/\" srcset=\"https:\/\/cabtauro.com\/wp-content\/uploads\/2022\/08\/baguette-bakery-bread-2436-scaled.jpg 2560w, https:\/\/cabtauro.com\/wp-content\/uploads\/2022\/08\/baguette-bakery-bread-2436-300x200.jpg 300w, https:\/\/cabtauro.com\/wp-content\/uploads\/2022\/08\/baguette-bakery-bread-2436-1024x683.jpg 1024w, https:\/\/cabtauro.com\/wp-content\/uploads\/2022\/08\/baguette-bakery-bread-2436-768x512.jpg 768w, https:\/\/cabtauro.com\/wp-content\/uploads\/2022\/08\/baguette-bakery-bread-2436-1536x1024.jpg 1536w, https:\/\/cabtauro.com\/wp-content\/uploads\/2022\/08\/baguette-bakery-bread-2436-2048x1365.jpg 2048w, https:\/\/cabtauro.com\/wp-content\/uploads\/2022\/08\/baguette-bakery-bread-2436-18x12.jpg 18w, https:\/\/cabtauro.com\/wp-content\/uploads\/2022\/08\/baguette-bakery-bread-2436-1170x780.jpg 1170w\" sizes=\"auto, (max-width: 2560px) 100vw, 2560px\" \/><\/div><\/div><div class=\"wp-block-getwid-images-stack__media-wrapper\"><div class=\"wp-block-getwid-images-stack__media-inner-wrapper\"><img loading=\"lazy\" decoding=\"async\" width=\"1536\" height=\"1038\" class=\"wp-block-getwid-images-stack__media wp-image-1346\" src=\"https:\/\/cabtauro.com\/wp-content\/uploads\/2022\/08\/T1-2019-1.jpg\" data-id=\"1346\" data-link=\"https:\/\/cabtauro.com\/home\/t1-2019-1\/\" srcset=\"https:\/\/cabtauro.com\/wp-content\/uploads\/2022\/08\/T1-2019-1.jpg 1536w, https:\/\/cabtauro.com\/wp-content\/uploads\/2022\/08\/T1-2019-1-300x203.jpg 300w, https:\/\/cabtauro.com\/wp-content\/uploads\/2022\/08\/T1-2019-1-1024x692.jpg 1024w, https:\/\/cabtauro.com\/wp-content\/uploads\/2022\/08\/T1-2019-1-768x519.jpg 768w, https:\/\/cabtauro.com\/wp-content\/uploads\/2022\/08\/T1-2019-1-18x12.jpg 18w, https:\/\/cabtauro.com\/wp-content\/uploads\/2022\/08\/T1-2019-1-1170x791.jpg 1170w\" sizes=\"auto, (max-width: 1536px) 100vw, 1536px\" \/><\/div><\/div><\/div><div class=\"wp-block-getwid-images-stack__chunk\"><div class=\"wp-block-getwid-images-stack__media-wrapper\"><div class=\"wp-block-getwid-images-stack__media-inner-wrapper\"><img loading=\"lazy\" decoding=\"async\" width=\"640\" height=\"960\" class=\"wp-block-getwid-images-stack__media wp-image-1222\" src=\"https:\/\/cabtauro.com\/wp-content\/uploads\/2022\/08\/desayuno-2.jpg\" data-id=\"1222\" data-link=\"https:\/\/cabtauro.com\/nosotros\/desayuno-2\/\" srcset=\"https:\/\/cabtauro.com\/wp-content\/uploads\/2022\/08\/desayuno-2.jpg 640w, https:\/\/cabtauro.com\/wp-content\/uploads\/2022\/08\/desayuno-2-200x300.jpg 200w, https:\/\/cabtauro.com\/wp-content\/uploads\/2022\/08\/desayuno-2-8x12.jpg 8w\" sizes=\"auto, (max-width: 640px) 100vw, 640px\" \/><\/div><\/div><\/div><\/div><\/div>\n<\/div>\n<\/div>\n<\/div><\/div><\/div><\/div><\/div>\n\n\n\n<div class=\"wp-block-getwid-section alignfull alignfull getwid-margin-top-none getwid-margin-bottom-none\"><div class=\"wp-block-getwid-section__wrapper getwid-padding-top-none getwid-padding-bottom-none getwid-padding-left-medium getwid-padding-right-medium getwid-padding-mobile-left-small getwid-padding-mobile-right-small\"><div class=\"wp-block-getwid-section__inner-wrapper\"><div class=\"wp-block-getwid-section__background-holder\"><div class=\"wp-block-getwid-section__background\"><\/div><div class=\"wp-block-getwid-section__foreground\"><\/div><\/div><div class=\"wp-block-getwid-section__content\"><div class=\"wp-block-getwid-section__inner-content\">\n<div class=\"wp-block-columns has-2-columns is-layout-flex wp-container-core-columns-is-layout-9d6595d7 wp-block-columns-is-layout-flex\">\n<div class=\"wp-block-column is-layout-flow wp-block-column-is-layout-flow\">\n<div class=\"wp-block-getwid-advanced-heading is-style-style-1 has-custom-font-size\" style=\"font-size:12px;margin-bottom:0px\"><p class=\"wp-block-getwid-advanced-heading__content\" style=\"text-transform:uppercase;letter-spacing:0.1em\">PIONEROS EN EL BOSQUE<\/p><\/div>\n\n\n\n<div class=\"wp-block-getwid-advanced-heading is-style-default\" style=\"margin-top:10px\"><h2 class=\"wp-block-getwid-advanced-heading__content\">Historia<\/h2><\/div>\n\n\n\n<div class=\"wp-block-getwid-section\"><div class=\"wp-block-getwid-section__wrapper\"><div class=\"wp-block-getwid-section__inner-wrapper\"><div class=\"wp-block-getwid-section__background-holder\"><div class=\"wp-block-getwid-section__background\"><\/div><div class=\"wp-block-getwid-section__foreground\"><\/div><\/div><div class=\"wp-block-getwid-section__content\"><div class=\"wp-block-getwid-section__inner-content\">\n<p class=\"has-grey-color has-text-color\"><em>Siendo propietarios, atendemos de forma personal a todos nuestros huespedes.<\/em><\/p>\n\n\n\n<p><\/p>\n<\/div><\/div><\/div><\/div><\/div>\n<\/div>\n\n\n\n<div class=\"wp-block-column is-layout-flow wp-block-column-is-layout-flow\">\n<div class=\"wp-block-getwid-testimonial has-image\"><div class=\"wp-block-getwid-testimonial__wrapper\"><div class=\"wp-block-getwid-testimonial__header\"><div class=\"wp-block-getwid-testimonial__image-wrapper\"><div class=\"wp-block-getwid-testimonial__image\"><img loading=\"lazy\" decoding=\"async\" width=\"150\" height=\"150\" src=\"https:\/\/cabtauro.com\/wp-content\/uploads\/2022\/08\/family2-150x150.png\" alt=\"\" class=\"wp-image-1231\" srcset=\"https:\/\/cabtauro.com\/wp-content\/uploads\/2022\/08\/family2-150x150.png 150w, https:\/\/cabtauro.com\/wp-content\/uploads\/2022\/08\/family2-300x300.png 300w, https:\/\/cabtauro.com\/wp-content\/uploads\/2022\/08\/family2-12x12.png 12w, https:\/\/cabtauro.com\/wp-content\/uploads\/2022\/08\/family2.png 376w\" sizes=\"auto, (max-width: 150px) 100vw, 150px\" \/><\/div><\/div><div class=\"wp-block-getwid-testimonial__heading\"><span class=\"wp-block-getwid-testimonial__title\">Nuestra Familia ha sido pionera del bosque de Mar Azul<\/span><span class=\"wp-block-getwid-testimonial__subtitle\">con una historia que se remonta a 1980.<\/span><\/div><\/div><\/div><\/div>\n\n\n\n<p><\/p>\n\n\n\n<p><\/p>\n<\/div>\n<\/div>\n\n\n\n<p><\/p>\n\n\n\n<p><\/p>\n<\/div><\/div><\/div><\/div><\/div>","protected":false},"excerpt":{"rendered":"<p>Somos la opci\u00f3n de alojamiento para quienes buscan una estad\u00eda comoda que ofrezca tranquilidad, simpleza y calidez en una ubicaci\u00f3n conveniente para disfrutar Mar Azul.<\/p>","protected":false},"author":2,"featured_media":1227,"parent":0,"menu_order":0,"comment_status":"closed","ping_status":"closed","template":"","meta":{"inline_featured_image":false,"footnotes":""},"class_list":["post-228","page","type-page","status-publish","has-post-thumbnail","hentry"],"_links":{"self":[{"href":"https:\/\/cabtauro.com\/en\/wp-json\/wp\/v2\/pages\/228","targetHints":{"allow":["GET"]}}],"collection":[{"href":"https:\/\/cabtauro.com\/en\/wp-json\/wp\/v2\/pages"}],"about":[{"href":"https:\/\/cabtauro.com\/en\/wp-json\/wp\/v2\/types\/page"}],"author":[{"embeddable":true,"href":"https:\/\/cabtauro.com\/en\/wp-json\/wp\/v2\/users\/2"}],"replies":[{"embeddable":true,"href":"https:\/\/cabtauro.com\/en\/wp-json\/wp\/v2\/comments?post=228"}],"version-history":[{"count":23,"href":"https:\/\/cabtauro.com\/en\/wp-json\/wp\/v2\/pages\/228\/revisions"}],"predecessor-version":[{"id":1726,"href":"https:\/\/cabtauro.com\/en\/wp-json\/wp\/v2\/pages\/228\/revisions\/1726"}],"wp:featuredmedia":[{"embeddable":true,"href":"https:\/\/cabtauro.com\/en\/wp-json\/wp\/v2\/media\/1227"}],"wp:attachment":[{"href":"https:\/\/cabtauro.com\/en\/wp-json\/wp\/v2\/media?parent=228"}],"curies":[{"name":"wp","href":"https:\/\/api.w.org\/{rel}","templated":true}]}}