{"id":300,"date":"2019-06-12T11:51:44","date_gmt":"2019-06-12T11:51:44","guid":{"rendered":"https:\/\/themes.getmotopress.com\/luviana\/?page_id=300"},"modified":"2024-04-16T02:44:47","modified_gmt":"2024-04-16T05:44:47","slug":"galeria","status":"publish","type":"page","link":"https:\/\/cabtauro.com\/en\/galeria\/","title":{"rendered":"Galer\u00eda de im\u00e1genes"},"content":{"rendered":"<div class=\"wp-block-getwid-section alignfull alignfull\"><div class=\"wp-block-getwid-section__wrapper getwid-padding-top-none getwid-padding-bottom-none getwid-padding-left-medium getwid-padding-right-medium getwid-padding-mobile-left-small getwid-padding-mobile-right-small\"><div class=\"wp-block-getwid-section__inner-wrapper\"><div class=\"wp-block-getwid-section__background-holder\"><div class=\"wp-block-getwid-section__background\"><\/div><div class=\"wp-block-getwid-section__foreground\"><\/div><\/div><div class=\"wp-block-getwid-section__content\"><div class=\"wp-block-getwid-section__inner-content\">\n<figure class=\"wp-block-gallery has-nested-images columns-3 is-cropped wp-block-gallery-1 is-layout-flex wp-block-gallery-is-layout-flex\">\n<figure class=\"wp-block-image size-full\"><a href=\"https:\/\/cabtauro.com\/en\/accommodation\/tauro-i\/caban%cc%83a-1-11\/\"><img loading=\"lazy\" decoding=\"async\" width=\"869\" height=\"580\" data-id=\"1573\" src=\"https:\/\/cabtauro.com\/wp-content\/uploads\/2019\/06\/Cabana-1-11.jpg\" alt=\"\" class=\"wp-image-1573\" srcset=\"https:\/\/cabtauro.com\/wp-content\/uploads\/2019\/06\/Cabana-1-11.jpg 869w, https:\/\/cabtauro.com\/wp-content\/uploads\/2019\/06\/Cabana-1-11-300x200.jpg 300w, https:\/\/cabtauro.com\/wp-content\/uploads\/2019\/06\/Cabana-1-11-768x513.jpg 768w, https:\/\/cabtauro.com\/wp-content\/uploads\/2019\/06\/Cabana-1-11-18x12.jpg 18w\" sizes=\"auto, (max-width: 869px) 100vw, 869px\" \/><\/a><\/figure>\n\n\n\n<figure class=\"wp-block-image size-full\"><a href=\"https:\/\/cabtauro.com\/en\/accommodation\/tauro-iii\/tauro3_0032\/\"><img loading=\"lazy\" decoding=\"async\" width=\"874\" height=\"583\" data-id=\"1626\" src=\"https:\/\/cabtauro.com\/wp-content\/uploads\/2019\/06\/Tauro3_0032.jpg\" alt=\"\" class=\"wp-image-1626\" srcset=\"https:\/\/cabtauro.com\/wp-content\/uploads\/2019\/06\/Tauro3_0032.jpg 874w, https:\/\/cabtauro.com\/wp-content\/uploads\/2019\/06\/Tauro3_0032-300x200.jpg 300w, https:\/\/cabtauro.com\/wp-content\/uploads\/2019\/06\/Tauro3_0032-768x512.jpg 768w, https:\/\/cabtauro.com\/wp-content\/uploads\/2019\/06\/Tauro3_0032-18x12.jpg 18w\" sizes=\"auto, (max-width: 874px) 100vw, 874px\" \/><\/a><\/figure>\n\n\n\n<figure class=\"wp-block-image size-full\"><a href=\"https:\/\/cabtauro.com\/en\/accommodation\/tauro-i\/caban%cc%83a-1-13\/\"><img loading=\"lazy\" decoding=\"async\" width=\"695\" height=\"463\" data-id=\"1575\" src=\"https:\/\/cabtauro.com\/wp-content\/uploads\/2019\/06\/Cabana-1-13.jpg\" alt=\"\" class=\"wp-image-1575\" srcset=\"https:\/\/cabtauro.com\/wp-content\/uploads\/2019\/06\/Cabana-1-13.jpg 695w, https:\/\/cabtauro.com\/wp-content\/uploads\/2019\/06\/Cabana-1-13-300x200.jpg 300w, https:\/\/cabtauro.com\/wp-content\/uploads\/2019\/06\/Cabana-1-13-18x12.jpg 18w\" sizes=\"auto, (max-width: 695px) 100vw, 695px\" \/><\/a><\/figure>\n\n\n\n<figure class=\"wp-block-image size-full\"><a href=\"https:\/\/cabtauro.com\/en\/accommodation\/tauro-i\/caban%cc%83a-1-5\/\"><img loading=\"lazy\" decoding=\"async\" width=\"953\" height=\"636\" data-id=\"1567\" src=\"https:\/\/cabtauro.com\/wp-content\/uploads\/2019\/06\/Cabana-1-5.jpg\" alt=\"\" class=\"wp-image-1567\" srcset=\"https:\/\/cabtauro.com\/wp-content\/uploads\/2019\/06\/Cabana-1-5.jpg 953w, https:\/\/cabtauro.com\/wp-content\/uploads\/2019\/06\/Cabana-1-5-300x200.jpg 300w, https:\/\/cabtauro.com\/wp-content\/uploads\/2019\/06\/Cabana-1-5-768x513.jpg 768w, https:\/\/cabtauro.com\/wp-content\/uploads\/2019\/06\/Cabana-1-5-18x12.jpg 18w\" sizes=\"auto, (max-width: 953px) 100vw, 953px\" \/><\/a><\/figure>\n\n\n\n<figure class=\"wp-block-image size-full\"><a href=\"https:\/\/cabtauro.com\/en\/accommodation\/tauro-iii\/tauro3_0026\/\"><img loading=\"lazy\" decoding=\"async\" width=\"827\" height=\"551\" data-id=\"1624\" src=\"https:\/\/cabtauro.com\/wp-content\/uploads\/2019\/06\/Tauro3_0026.jpg\" alt=\"\" class=\"wp-image-1624\" srcset=\"https:\/\/cabtauro.com\/wp-content\/uploads\/2019\/06\/Tauro3_0026.jpg 827w, https:\/\/cabtauro.com\/wp-content\/uploads\/2019\/06\/Tauro3_0026-300x200.jpg 300w, https:\/\/cabtauro.com\/wp-content\/uploads\/2019\/06\/Tauro3_0026-768x512.jpg 768w, https:\/\/cabtauro.com\/wp-content\/uploads\/2019\/06\/Tauro3_0026-18x12.jpg 18w\" sizes=\"auto, (max-width: 827px) 100vw, 827px\" \/><\/a><\/figure>\n\n\n\n<figure class=\"wp-block-image size-full\"><a href=\"https:\/\/cabtauro.com\/en\/accommodation\/sagitario-ii\/sagitario2_0071\/\"><img loading=\"lazy\" decoding=\"async\" width=\"876\" height=\"584\" data-id=\"1652\" src=\"https:\/\/cabtauro.com\/wp-content\/uploads\/2022\/08\/Sagitario2_0071.jpg\" alt=\"\" class=\"wp-image-1652\" srcset=\"https:\/\/cabtauro.com\/wp-content\/uploads\/2022\/08\/Sagitario2_0071.jpg 876w, https:\/\/cabtauro.com\/wp-content\/uploads\/2022\/08\/Sagitario2_0071-300x200.jpg 300w, https:\/\/cabtauro.com\/wp-content\/uploads\/2022\/08\/Sagitario2_0071-768x512.jpg 768w, https:\/\/cabtauro.com\/wp-content\/uploads\/2022\/08\/Sagitario2_0071-18x12.jpg 18w\" sizes=\"auto, (max-width: 876px) 100vw, 876px\" \/><\/a><\/figure>\n\n\n\n<figure class=\"wp-block-image size-full\"><a href=\"https:\/\/cabtauro.com\/en\/accommodation\/tauro-i\/caban%cc%83a-1-2\/\"><img loading=\"lazy\" decoding=\"async\" width=\"732\" height=\"489\" data-id=\"1564\" src=\"https:\/\/cabtauro.com\/wp-content\/uploads\/2019\/06\/Cabana-1-2.jpg\" alt=\"\" class=\"wp-image-1564\" srcset=\"https:\/\/cabtauro.com\/wp-content\/uploads\/2019\/06\/Cabana-1-2.jpg 732w, https:\/\/cabtauro.com\/wp-content\/uploads\/2019\/06\/Cabana-1-2-300x200.jpg 300w, https:\/\/cabtauro.com\/wp-content\/uploads\/2019\/06\/Cabana-1-2-18x12.jpg 18w\" sizes=\"auto, (max-width: 732px) 100vw, 732px\" \/><\/a><\/figure>\n\n\n\n<figure class=\"wp-block-image size-full\"><a href=\"https:\/\/cabtauro.com\/en\/accommodation\/tauro-ii\/caban%cc%83a-2-7\/\"><img loading=\"lazy\" decoding=\"async\" width=\"862\" height=\"575\" data-id=\"1584\" src=\"https:\/\/cabtauro.com\/wp-content\/uploads\/2019\/06\/Cabana-2-7.jpg\" alt=\"\" class=\"wp-image-1584\" srcset=\"https:\/\/cabtauro.com\/wp-content\/uploads\/2019\/06\/Cabana-2-7.jpg 862w, https:\/\/cabtauro.com\/wp-content\/uploads\/2019\/06\/Cabana-2-7-300x200.jpg 300w, https:\/\/cabtauro.com\/wp-content\/uploads\/2019\/06\/Cabana-2-7-768x512.jpg 768w, https:\/\/cabtauro.com\/wp-content\/uploads\/2019\/06\/Cabana-2-7-18x12.jpg 18w\" sizes=\"auto, (max-width: 862px) 100vw, 862px\" \/><\/a><\/figure>\n\n\n\n<figure class=\"wp-block-image size-full\"><a href=\"https:\/\/cabtauro.com\/en\/accommodation\/tauro-ii\/caban%cc%83a-2-13\/\"><img loading=\"lazy\" decoding=\"async\" width=\"899\" height=\"600\" data-id=\"1590\" src=\"https:\/\/cabtauro.com\/wp-content\/uploads\/2019\/06\/Cabana-2-13.jpg\" alt=\"\" class=\"wp-image-1590\" srcset=\"https:\/\/cabtauro.com\/wp-content\/uploads\/2019\/06\/Cabana-2-13.jpg 899w, https:\/\/cabtauro.com\/wp-content\/uploads\/2019\/06\/Cabana-2-13-300x200.jpg 300w, https:\/\/cabtauro.com\/wp-content\/uploads\/2019\/06\/Cabana-2-13-768x513.jpg 768w, https:\/\/cabtauro.com\/wp-content\/uploads\/2019\/06\/Cabana-2-13-18x12.jpg 18w\" sizes=\"auto, (max-width: 899px) 100vw, 899px\" \/><\/a><\/figure>\n\n\n\n<figure class=\"wp-block-image size-full\"><a href=\"https:\/\/cabtauro.com\/en\/accommodation\/tauro-iii\/tauro3_0006\/\"><img loading=\"lazy\" decoding=\"async\" width=\"884\" height=\"590\" data-id=\"1614\" src=\"https:\/\/cabtauro.com\/wp-content\/uploads\/2019\/06\/Tauro3_0006.jpg\" alt=\"\" class=\"wp-image-1614\" srcset=\"https:\/\/cabtauro.com\/wp-content\/uploads\/2019\/06\/Tauro3_0006.jpg 884w, https:\/\/cabtauro.com\/wp-content\/uploads\/2019\/06\/Tauro3_0006-300x200.jpg 300w, https:\/\/cabtauro.com\/wp-content\/uploads\/2019\/06\/Tauro3_0006-768x513.jpg 768w, https:\/\/cabtauro.com\/wp-content\/uploads\/2019\/06\/Tauro3_0006-18x12.jpg 18w\" sizes=\"auto, (max-width: 884px) 100vw, 884px\" \/><\/a><\/figure>\n\n\n\n<figure class=\"wp-block-image size-full\"><a href=\"https:\/\/cabtauro.com\/en\/accommodation\/tauro-iii\/tauro3_0013\/\"><img loading=\"lazy\" decoding=\"async\" width=\"837\" height=\"558\" data-id=\"1617\" src=\"https:\/\/cabtauro.com\/wp-content\/uploads\/2019\/06\/Tauro3_0013.jpg\" alt=\"\" class=\"wp-image-1617\" srcset=\"https:\/\/cabtauro.com\/wp-content\/uploads\/2019\/06\/Tauro3_0013.jpg 837w, https:\/\/cabtauro.com\/wp-content\/uploads\/2019\/06\/Tauro3_0013-300x200.jpg 300w, https:\/\/cabtauro.com\/wp-content\/uploads\/2019\/06\/Tauro3_0013-768x512.jpg 768w, https:\/\/cabtauro.com\/wp-content\/uploads\/2019\/06\/Tauro3_0013-18x12.jpg 18w\" sizes=\"auto, (max-width: 837px) 100vw, 837px\" \/><\/a><\/figure>\n\n\n\n<figure class=\"wp-block-image size-full\"><a href=\"https:\/\/cabtauro.com\/en\/accommodation\/tauro-iii\/tauro3_0023\/\"><img loading=\"lazy\" decoding=\"async\" width=\"915\" height=\"611\" data-id=\"1621\" src=\"https:\/\/cabtauro.com\/wp-content\/uploads\/2019\/06\/Tauro3_0023.jpg\" alt=\"\" class=\"wp-image-1621\" srcset=\"https:\/\/cabtauro.com\/wp-content\/uploads\/2019\/06\/Tauro3_0023.jpg 915w, https:\/\/cabtauro.com\/wp-content\/uploads\/2019\/06\/Tauro3_0023-300x200.jpg 300w, https:\/\/cabtauro.com\/wp-content\/uploads\/2019\/06\/Tauro3_0023-768x513.jpg 768w, https:\/\/cabtauro.com\/wp-content\/uploads\/2019\/06\/Tauro3_0023-18x12.jpg 18w\" sizes=\"auto, (max-width: 915px) 100vw, 915px\" \/><\/a><\/figure>\n<\/figure>\n<\/div><\/div><\/div><\/div><\/div>","protected":false},"excerpt":{"rendered":"<p>Queremos que te imagines tu proxima estadia, c\u00e1lida y para disfrutar con quien mas quieras. Conoc\u00e9 un poco m\u00e1s de cada unidad y el entorno que la rodea&#8230; <\/p>","protected":false},"author":2,"featured_media":1246,"parent":0,"menu_order":0,"comment_status":"closed","ping_status":"closed","template":"","meta":{"inline_featured_image":false,"footnotes":""},"class_list":["post-300","page","type-page","status-publish","has-post-thumbnail","hentry"],"_links":{"self":[{"href":"https:\/\/cabtauro.com\/en\/wp-json\/wp\/v2\/pages\/300","targetHints":{"allow":["GET"]}}],"collection":[{"href":"https:\/\/cabtauro.com\/en\/wp-json\/wp\/v2\/pages"}],"about":[{"href":"https:\/\/cabtauro.com\/en\/wp-json\/wp\/v2\/types\/page"}],"author":[{"embeddable":true,"href":"https:\/\/cabtauro.com\/en\/wp-json\/wp\/v2\/users\/2"}],"replies":[{"embeddable":true,"href":"https:\/\/cabtauro.com\/en\/wp-json\/wp\/v2\/comments?post=300"}],"version-history":[{"count":8,"href":"https:\/\/cabtauro.com\/en\/wp-json\/wp\/v2\/pages\/300\/revisions"}],"predecessor-version":[{"id":1704,"href":"https:\/\/cabtauro.com\/en\/wp-json\/wp\/v2\/pages\/300\/revisions\/1704"}],"wp:featuredmedia":[{"embeddable":true,"href":"https:\/\/cabtauro.com\/en\/wp-json\/wp\/v2\/media\/1246"}],"wp:attachment":[{"href":"https:\/\/cabtauro.com\/en\/wp-json\/wp\/v2\/media?parent=300"}],"curies":[{"name":"wp","href":"https:\/\/api.w.org\/{rel}","templated":true}]}}