{"id":531,"date":"2019-07-11T13:57:30","date_gmt":"2019-07-11T13:57:30","guid":{"rendered":"https:\/\/themes.getmotopress.com\/luviana\/?page_id=531"},"modified":"2024-01-16T16:01:51","modified_gmt":"2024-01-16T19:01:51","slug":"contacto","status":"publish","type":"page","link":"https:\/\/cabtauro.com\/en\/contacto\/","title":{"rendered":"Contacto"},"content":{"rendered":"<div class=\"wp-block-getwid-section alignfull alignfull\"><div class=\"wp-block-getwid-section__wrapper getwid-padding-top-none getwid-padding-bottom-none getwid-padding-left-medium getwid-padding-right-medium getwid-padding-mobile-left-small getwid-padding-mobile-right-small\"><div class=\"wp-block-getwid-section__inner-wrapper\"><div class=\"wp-block-getwid-section__background-holder\"><div class=\"wp-block-getwid-section__background\"><\/div><div class=\"wp-block-getwid-section__foreground\"><\/div><\/div><div class=\"wp-block-getwid-section__content\"><div class=\"wp-block-getwid-section__inner-content\">\n<div class=\"wp-block-columns has-4-columns is-layout-flex wp-container-core-columns-is-layout-9d6595d7 wp-block-columns-is-layout-flex\">\n<div class=\"wp-block-column is-layout-flow wp-block-column-is-layout-flow\">\n<div class=\"wp-block-getwid-advanced-heading\" style=\"margin-bottom:20px\"><h5 class=\"wp-block-getwid-advanced-heading__content\">Ubicaci\u00f3n<\/h5><\/div>\n\n\n\n<div class=\"wp-block-getwid-icon-box has-icon-left has-text-left\"><div style=\"margin-top:7px;margin-right:15px\" class=\"wp-block-getwid-icon-box__icon-container is-position-top\"><div class=\"wp-block-getwid-icon-box__icon-wrapper has-text-color has-gold-color\" style=\"font-size:16px;padding:0px\"><i class=\"fas fa-map-marker-alt\"><\/i><\/div><\/div><div class=\"wp-block-getwid-icon-box__content\">\n<p>Calle 43 y Copacabana, Mar Azul, Argentina<\/p>\n\n\n\n<p><br><br><a rel=\"noreferrer noopener\" href=\"https:\/\/www.google.com\/maps?q=cabana+tauro&amp;um=1&amp;ie=UTF-8&amp;sa=X&amp;ved=2ahUKEwjuvs_65bb5AhU1kZUCHRDBA50Q_AUoAnoECAIQBA\" target=\"_blank\">Ver en el mapa<\/a><\/p>\n<\/div><\/div>\n<\/div>\n\n\n\n<div class=\"wp-block-column is-vertically-aligned-top is-layout-flow wp-block-column-is-layout-flow\">\n<div class=\"wp-block-getwid-advanced-heading\" style=\"margin-bottom:20px\"><h5 class=\"wp-block-getwid-advanced-heading__content\">Tel\u00e9fono<\/h5><\/div>\n\n\n\n<div class=\"wp-block-getwid-icon-box has-icon-left has-text-left\"><div style=\"margin-top:7px;margin-right:15px\" class=\"wp-block-getwid-icon-box__icon-container is-position-top\"><div class=\"wp-block-getwid-icon-box__icon-wrapper has-text-color has-gold-color\" style=\"font-size:16px;padding:0px\"><i class=\"fas fa-phone\"><\/i><\/div><\/div><div class=\"wp-block-getwid-icon-box__content\">\n<p>2255 47-9576<\/p>\n<\/div><\/div>\n\n\n\n<div class=\"wp-block-getwid-icon-box has-icon-left has-text-left\"><div style=\"margin-top:7px;margin-right:15px\" class=\"wp-block-getwid-icon-box__icon-container is-position-top\"><div class=\"wp-block-getwid-icon-box__icon-wrapper has-text-color has-gold-color\" style=\"font-size:16px;padding:0px\"><i class=\"fab fa-whatsapp\"><\/i><\/div><\/div><div class=\"wp-block-getwid-icon-box__content\">\n<p>2267 469620<\/p>\n\n\n\n<p>  <\/p>\n<\/div><\/div>\n<\/div>\n<\/div>\n<\/div><\/div><\/div><\/div><\/div>\n\n\n\n<div class=\"wp-block-getwid-section alignfull alignfull\"><div class=\"wp-block-getwid-section__wrapper getwid-padding-top-none getwid-padding-bottom-none getwid-padding-left-medium getwid-padding-right-medium getwid-padding-mobile-left-small getwid-padding-mobile-right-small\"><div class=\"wp-block-getwid-section__inner-wrapper\"><div class=\"wp-block-getwid-section__background-holder\"><div class=\"wp-block-getwid-section__background\"><\/div><div class=\"wp-block-getwid-section__foreground\"><\/div><\/div><div class=\"wp-block-getwid-section__content\"><div class=\"wp-block-getwid-section__inner-content\">\n<div class=\"wp-block-columns has-4-columns is-layout-flex wp-container-core-columns-is-layout-9d6595d7 wp-block-columns-is-layout-flex\">\n<div class=\"wp-block-column is-layout-flow wp-block-column-is-layout-flow\">\n<div class=\"wp-block-getwid-advanced-heading\" style=\"margin-bottom:20px\"><h5 class=\"wp-block-getwid-advanced-heading__content\">Horarios<\/h5><\/div>\n\n\n\n<div class=\"wp-block-getwid-icon-box has-icon-left has-text-left\"><div style=\"margin-top:7px;margin-right:15px\" class=\"wp-block-getwid-icon-box__icon-container is-position-top\"><div class=\"wp-block-getwid-icon-box__icon-wrapper has-text-color has-gold-color\" style=\"font-size:16px;padding:0px\"><i class=\"fas fa-clock\"><\/i><\/div><\/div><div class=\"wp-block-getwid-icon-box__content\">\n<p>Check in &#8211; 14:00 hs<br>Check out &#8211; 10:00 hs <\/p>\n<\/div><\/div>\n<\/div>\n\n\n\n<div class=\"wp-block-column is-layout-flow wp-block-column-is-layout-flow\">\n<div class=\"wp-block-getwid-advanced-heading\" style=\"margin-bottom:20px\"><h5 class=\"wp-block-getwid-advanced-heading__content\">Informaci\u00f3n adicional<\/h5><\/div>\n\n\n\n<div class=\"wp-block-getwid-icon-box has-icon-left has-text-left\"><div style=\"margin-top:7px;margin-right:15px\" class=\"wp-block-getwid-icon-box__icon-container is-position-top\"><div class=\"wp-block-getwid-icon-box__icon-wrapper has-text-color has-gold-color\" style=\"font-size:16px;padding:0px\"><i class=\"fas fa-envelope\"><\/i><\/div><\/div><div class=\"wp-block-getwid-icon-box__content\">\n<p>Si tenes dudas o necesit\u00e1s mas informaci\u00f3n, escrib\u00ednos a: <br><\/p>\n\n\n\n<p><a href=\"#\">info@cabtauro.com<\/a><\/p>\n<\/div><\/div>\n<\/div>\n<\/div>\n<\/div><\/div><\/div><\/div><\/div>\n\n\n\n<div class=\"wp-block-getwid-section alignfull alignfull getwid-section-content-full-width\" style=\"margin-top:90px\"><div class=\"wp-block-getwid-section__wrapper getwid-padding-top-none getwid-padding-bottom-none getwid-padding-left-none getwid-padding-right-none\"><div class=\"wp-block-getwid-section__inner-wrapper\"><div class=\"wp-block-getwid-section__background-holder\"><div class=\"wp-block-getwid-section__background\" style=\"background-image:url('http:\/\/c1651514.ferozo.com\/wp-content\/uploads\/2019\/07\/image_placeholder-copy-5.png');background-size:contain\"><div class=\"wp-block-getwid-section__background-image-wrapper\"><img decoding=\"async\" class=\"wp-block-getwid-section__background-image\" src=\"http:\/\/c1651514.ferozo.com\/wp-content\/uploads\/2019\/07\/image_placeholder-copy-5.png\" alt=\"\"\/><\/div><\/div><div class=\"wp-block-getwid-section__foreground\"><\/div><\/div><div class=\"wp-block-getwid-section__content\"><div class=\"wp-block-getwid-section__inner-content\">\n<div class=\"wp-block-columns has-2-columns is-layout-flex wp-container-core-columns-is-layout-9d6595d7 wp-block-columns-is-layout-flex\">\n<div class=\"wp-block-column is-layout-flow wp-block-column-is-layout-flow\">\n<div class=\"wp-block-getwid-section bring-to-top getwid-section-content-custom-width\" style=\"margin-top:90px;margin-bottom:90px\"><div class=\"wp-block-getwid-section__wrapper getwid-padding-top-none getwid-padding-bottom-none getwid-padding-left-none getwid-padding-right-none getwid-justify-content-flex-end getwid-justify-content-tablet-center getwid-reset-min-height-tablet getwid-reset-min-height-mobile\" style=\"min-height:852px\"><div class=\"wp-block-getwid-section__inner-wrapper\" style=\"max-width:500px\"><div class=\"wp-block-getwid-section__background-holder\"><div class=\"wp-block-getwid-section__background\" style=\"background-image:url('http:\/\/c1651514.ferozo.com\/wp-content\/uploads\/2022\/08\/pinocha.jpg');background-position:center center;background-repeat:repeat-y;background-attachment:scroll\"><div class=\"wp-block-getwid-section__background-image-wrapper\"><img decoding=\"async\" class=\"wp-block-getwid-section__background-image\" src=\"http:\/\/c1651514.ferozo.com\/wp-content\/uploads\/2022\/08\/pinocha.jpg\" alt=\"\"\/><\/div><\/div><div class=\"wp-block-getwid-section__foreground\"><\/div><\/div><div class=\"wp-block-getwid-section__content\"><div class=\"wp-block-getwid-section__inner-content\">\n<div class=\"wp-block-getwid-section\"><div class=\"wp-block-getwid-section__wrapper\" style=\"padding-top:75px;padding-bottom:75px;padding-left:60px;padding-right:60px\"><div class=\"wp-block-getwid-section__inner-wrapper\"><div class=\"wp-block-getwid-section__background-holder\"><div class=\"wp-block-getwid-section__background has-background has-white-background-color\"><\/div><div class=\"wp-block-getwid-section__foreground\"><\/div><\/div><div class=\"wp-block-getwid-section__content\"><div class=\"wp-block-getwid-section__inner-content\">\n<div class=\"wp-block-getwid-advanced-heading is-style-default\" style=\"margin-bottom:20px\"><h2 class=\"wp-block-getwid-advanced-heading__content\">Envi\u00e1nos un mensaje<\/h2><\/div>\n\n\n\n<p>Ante cualquier consulta, estamos para ayudarte.<\/p>\n\n\n        <div class=\"wp-block-getwid-contact-form\" >\n            <form class='wp-block-getwid-contact-form__form' action=\"\">\n    \n        <p class='wp-block-getwid-field-name'>\n\t    <label\n        for='name-69d08c2c163d9'\n        class='wp-block-getwid-field-name__label'\n    >Nombre<\/label>\n\t    <input id='name-69d08c2c163d9' type='text' name='name'            required=''\n            \/>\n<\/p>\n\n\n        <p class='wp-block-getwid-field-email'>\n\t    <label\n\t\tfor='email-69d08c2c164f5'\n        class='wp-block-getwid-field-email__label'\n    >Email <\/label>\n\t    <input id='email-69d08c2c164f5' type='email' name='email'             required=''    \/>\n<\/p>\n\n\n        <p class='wp-block-getwid-field-textarea'>\n\t    <label\n\t\tfor='message-69d08c2c16628'\n        class='wp-block-getwid-field-textarea__label'\n    >Message<\/label>\n\t    <textarea\n\t\tid='message-69d08c2c16628' rows='5' name='message'            required=''\n            ><\/textarea>\n<\/p>\n\n\n    <input name='subject' \t\ttype='hidden'\n\t\/>\n\n\t<p class='wp-block-getwid-contact-form__result'><\/p>\n\n\t<div class='wp-block-getwid-contact-form__submit'>\n\t\t<div class='wp-block-button'>\n\t\t\t<button\n\t\t\t\ttype='submit'\n\t\t\t\tclass='wp-block-button__link'\t\t\t\t\tstyle=''\t\t\t>enviar<\/button>\n\t\t<\/div>\n\n\t<\/div>\n<input type=\"hidden\" name=\"trp-form-language\" value=\"en\"\/><\/form>\n        <\/div><\/div><\/div><\/div><\/div><\/div>\n<\/div><\/div><\/div><\/div><\/div>\n<\/div>\n<\/div>\n<\/div><\/div><\/div><\/div><\/div>","protected":false},"excerpt":{"rendered":"<p>Ante cualquier duda, estamos para asistirte directamente por cualquiera de los siguientes medios.<\/p>","protected":false},"author":2,"featured_media":0,"parent":0,"menu_order":0,"comment_status":"closed","ping_status":"closed","template":"","meta":{"inline_featured_image":false,"footnotes":""},"class_list":["post-531","page","type-page","status-publish","hentry"],"_links":{"self":[{"href":"https:\/\/cabtauro.com\/en\/wp-json\/wp\/v2\/pages\/531","targetHints":{"allow":["GET"]}}],"collection":[{"href":"https:\/\/cabtauro.com\/en\/wp-json\/wp\/v2\/pages"}],"about":[{"href":"https:\/\/cabtauro.com\/en\/wp-json\/wp\/v2\/types\/page"}],"author":[{"embeddable":true,"href":"https:\/\/cabtauro.com\/en\/wp-json\/wp\/v2\/users\/2"}],"replies":[{"embeddable":true,"href":"https:\/\/cabtauro.com\/en\/wp-json\/wp\/v2\/comments?post=531"}],"version-history":[{"count":17,"href":"https:\/\/cabtauro.com\/en\/wp-json\/wp\/v2\/pages\/531\/revisions"}],"predecessor-version":[{"id":1561,"href":"https:\/\/cabtauro.com\/en\/wp-json\/wp\/v2\/pages\/531\/revisions\/1561"}],"wp:attachment":[{"href":"https:\/\/cabtauro.com\/en\/wp-json\/wp\/v2\/media?parent=531"}],"curies":[{"name":"wp","href":"https:\/\/api.w.org\/{rel}","templated":true}]}}